{"id":2,"date":"2023-12-18T21:45:43","date_gmt":"2023-12-18T20:45:43","guid":{"rendered":"http:\/\/fouleesmuizonnaises.fr\/?page_id=2"},"modified":"2026-02-02T23:02:10","modified_gmt":"2026-02-02T22:02:10","slug":"le-club","status":"publish","type":"page","link":"https:\/\/fouleesmuizonnaises.fr\/index.php\/le-club\/","title":{"rendered":"Le Club"},"content":{"rendered":"\n<h2 class=\"wp-block-heading\">Le mot du pr\u00e9sident<\/h2>\n\n\n\n<p class=\"has-text-align-center\" style=\"font-size:16px\"><strong>\u00ab\u00a0Le but de notre association est de r\u00e9unir des personnes de tout \u00e2ge autour d\u2019une m\u00eame passion, d\u2019un m\u00eame objectif et de faire des entra\u00eenements communs et adapt\u00e9s \u00e0 chacun. Nous ne sommes pas un club d\u2019athl\u00e9tisme, nous pratiquons le jogging pour la sant\u00e9 et dans la bonne humeur. Nous participons aux courses et trails de niveaux r\u00e9gional et national (sans aucune forme d\u2019obligation) et nos entra\u00eenements sont pratiqu\u00e9s sur routes et chemins de campagne autour de MUIZON.<br>Tout le monde peut venir courir aux Foul\u00e9es Muizonnaises, quelque soit son niveau de d\u00e9part. Chacun peut progresser \u00e0 son rythme et en fonction de sa disponibilit\u00e9.\u00a0\u00bb<\/strong><br><em>Denis Duvauchelle, Pr\u00e9sident des Foul\u00e9es Muizonnaises<\/em><\/p>\n\n\n\n<figure class=\"wp-block-gallery has-nested-images columns-default is-cropped wp-block-gallery-1 is-layout-flex wp-block-gallery-is-layout-flex\">\n<figure class=\"wp-block-image size-large\"><img loading=\"lazy\" decoding=\"async\" width=\"1024\" height=\"408\" data-id=\"70\" src=\"https:\/\/fouleesmuizonnaises.fr\/wp-content\/uploads\/2023\/12\/cropped-Mai-Zonnaise-Photo-7-1024x408.jpg\" alt=\"\" class=\"wp-image-70\" srcset=\"https:\/\/fouleesmuizonnaises.fr\/wp-content\/uploads\/2023\/12\/cropped-Mai-Zonnaise-Photo-7-1024x408.jpg 1024w, https:\/\/fouleesmuizonnaises.fr\/wp-content\/uploads\/2023\/12\/cropped-Mai-Zonnaise-Photo-7-300x120.jpg 300w, https:\/\/fouleesmuizonnaises.fr\/wp-content\/uploads\/2023\/12\/cropped-Mai-Zonnaise-Photo-7-768x306.jpg 768w, https:\/\/fouleesmuizonnaises.fr\/wp-content\/uploads\/2023\/12\/cropped-Mai-Zonnaise-Photo-7-1536x612.jpg 1536w, https:\/\/fouleesmuizonnaises.fr\/wp-content\/uploads\/2023\/12\/cropped-Mai-Zonnaise-Photo-7-685x273.jpg 685w, https:\/\/fouleesmuizonnaises.fr\/wp-content\/uploads\/2023\/12\/cropped-Mai-Zonnaise-Photo-7.jpg 2000w\" sizes=\"auto, (max-width: 1024px) 100vw, 1024px\" \/><\/figure>\n<\/figure>\n\n\n\n<h2 class=\"wp-block-heading\">Nos activit\u00e9s<\/h2>\n\n\n\n<div class=\"wp-block-columns alignwide is-layout-flex wp-container-core-columns-is-layout-829b1d53 wp-block-columns-is-layout-flex\" style=\"margin-bottom:0\">\n<div class=\"wp-block-column has-text-color has-background has-link-color wp-elements-c9fce5064d9a577a40594ef95d5e3b95 is-layout-flow wp-block-column-is-layout-flow\" style=\"color:#000000;background-color:#b62d48;padding-top:2em;padding-right:2em;padding-bottom:2em;padding-left:2em\">\n<h2 class=\"wp-block-heading has-text-align-center has-white-color has-text-color has-link-color wp-elements-35a76e0f9f3e1fe52967c314a44951f1\" id=\"single\" style=\"font-size:22px;text-transform:uppercase\"><strong>Trail<\/strong><\/h2>\n\n\n\n<p class=\"has-white-color has-text-color has-link-color wp-elements-3ecc51fc90bb8807c22c7af0775b7ec2\" style=\"font-size:16px;line-height:1.5\">Les Foul\u00e9es Muizonnaises regroupent de nombreux amateurs de trail sur une grande vari\u00e9t\u00e9 de distances. Certains de nos adh\u00e9rents ont particip\u00e9 \u00e0 de fameuses courses comme la Diagonale des Fous ou le Grand Trail des Templiers. <\/p>\n\n\n\n<hr class=\"wp-block-separator has-text-color has-white-color has-alpha-channel-opacity has-white-background-color has-background is-style-wide\"\/>\n<\/div>\n\n\n\n<div class=\"wp-block-column has-white-color has-text-color has-background has-link-color wp-elements-109bbd9eea7209e1bb03c7ec6091f54a is-layout-flow wp-block-column-is-layout-flow\" style=\"background-color:#ba2d48;padding-top:2em;padding-right:2em;padding-bottom:2em;padding-left:2em\">\n<h2 class=\"wp-block-heading has-text-align-center has-white-color has-text-color has-link-color wp-elements-adb102d2f27335cb9bce7ef4d9ae7523\" id=\"family\" style=\"font-size:22px;text-transform:uppercase\"><strong>running<\/strong><\/h2>\n\n\n\n<p style=\"font-size:16px;line-height:1.5\">Nous sommes aussi nombreux \u00e0 \u00eatre des adeptes de la course sur route, que ce soit lors des incontournables courses r\u00e9gionales comme le Reims Champagne Run ou Sedan-Charleville ou lors de marathons prestigieux en France ou \u00e0 l&rsquo;\u00e9tranger. <\/p>\n\n\n\n<hr class=\"wp-block-separator has-css-opacity is-style-wide\"\/>\n<\/div>\n\n\n\n<div class=\"wp-block-column has-white-color has-text-color has-background has-link-color wp-elements-2ad753f13f926c798142e3d846cb977a is-layout-flow wp-block-column-is-layout-flow\" style=\"background-color:#ba2d48;padding-top:2em;padding-right:2em;padding-bottom:2em;padding-left:2em\">\n<h2 class=\"wp-block-heading has-text-align-center has-white-color has-text-color has-link-color wp-elements-687571452efc068ab47d1b941b8dfaec\" id=\"family\" style=\"font-size:22px;text-transform:uppercase\"><strong>Marche<\/strong><\/h2>\n\n\n\n<p style=\"font-size:16px;line-height:1.5\">Notre section marche, conna\u00eet aussi un grand succ\u00e8s : tous nos marcheurs aiment se retrouver dans la bonne humeur pour marcher dans les chemins autour de Muizon et profiter des bienfaits de ces s\u00e9ances de sport en pleine nature.  <\/p>\n\n\n\n<hr class=\"wp-block-separator has-css-opacity is-style-wide\"\/>\n<\/div>\n<\/div>\n\n\n\n<p><\/p>\n\n\n\n<h2 class=\"wp-block-heading\">Le bureau<\/h2>\n\n\n\n<p>Le bureau des Foul\u00e9es Muizonnaises est compos\u00e9 de plusieurs adh\u00e9rents qui s&rsquo;investissent pour permettre \u00e0 tous de vivre pleinement leur passion de la course \u00e0 pieds. <\/p>\n\n\n\n<figure class=\"wp-block-table\"><table><tbody><tr><td>Membre<\/td><td>Fonction<\/td><\/tr><tr><td>Denis Duvauchelle<\/td><td>Pr\u00e9sident<\/td><\/tr><tr><td>G\u00e9rard Meurant<\/td><td>Vice-Pr\u00e9sident<\/td><\/tr><tr><td>Virginie Monclin<\/td><td>Tr\u00e9sori\u00e8re<\/td><\/tr><tr><td>C\u00e9line Thibaux<\/td><td>Vice Tr\u00e9sori\u00e8re<\/td><\/tr><tr><td>Eymeric Lagonotte<\/td><td>Secr\u00e9taire<\/td><\/tr><tr><td>Romuald Depierreux<\/td><td>Coach<\/td><\/tr><tr><td>Jacques Palacin<\/td><td>Coach d&rsquo;honneur<\/td><\/tr><tr><td>Ginette Huge<\/td><td>Membre Actif<\/td><\/tr><tr><td>Carole Depierreux<\/td><td>Membre Actif<\/td><\/tr><tr><td>Yann Bouet<\/td><td>Membre Actif<\/td><\/tr><tr><td>Silvia Rodriguez<\/td><td>Membre Actif<\/td><\/tr><tr><td>Florence Duvauchelle<\/td><td>Membre Actif<\/td><\/tr><tr><td>Bruno Bouillard<\/td><td>Membre Actif<\/td><\/tr><tr><td>Rapha\u00ebl Japp\u00e9 <\/td><td>Membre Actif<\/td><\/tr><tr><td>Jean-Luc Nauroy<\/td><td>Membre Actif<\/td><\/tr><tr><td><\/td><td><\/td><\/tr><tr><td><\/td><td><\/td><\/tr><\/tbody><\/table><\/figure>\n","protected":false},"excerpt":{"rendered":"<p>Le mot du pr\u00e9sident \u00ab\u00a0Le but de notre association est de r\u00e9unir des personnes de tout \u00e2ge autour d\u2019une m\u00eame passion, d\u2019un m\u00eame objectif et de faire des entra\u00eenements communs &hellip; <a href=\"https:\/\/fouleesmuizonnaises.fr\/index.php\/le-club\/\" class=\"more-link\">Lire la suite <span class=\"screen-reader-text\">Le Club<\/span><\/a><\/p>\n","protected":false},"author":1,"featured_media":0,"parent":0,"menu_order":0,"comment_status":"closed","ping_status":"open","template":"templates\/full-width-page.php","meta":{"footnotes":""},"class_list":["post-2","page","type-page","status-publish","hentry"],"_links":{"self":[{"href":"https:\/\/fouleesmuizonnaises.fr\/index.php\/wp-json\/wp\/v2\/pages\/2","targetHints":{"allow":["GET"]}}],"collection":[{"href":"https:\/\/fouleesmuizonnaises.fr\/index.php\/wp-json\/wp\/v2\/pages"}],"about":[{"href":"https:\/\/fouleesmuizonnaises.fr\/index.php\/wp-json\/wp\/v2\/types\/page"}],"author":[{"embeddable":true,"href":"https:\/\/fouleesmuizonnaises.fr\/index.php\/wp-json\/wp\/v2\/users\/1"}],"replies":[{"embeddable":true,"href":"https:\/\/fouleesmuizonnaises.fr\/index.php\/wp-json\/wp\/v2\/comments?post=2"}],"version-history":[{"count":17,"href":"https:\/\/fouleesmuizonnaises.fr\/index.php\/wp-json\/wp\/v2\/pages\/2\/revisions"}],"predecessor-version":[{"id":579,"href":"https:\/\/fouleesmuizonnaises.fr\/index.php\/wp-json\/wp\/v2\/pages\/2\/revisions\/579"}],"wp:attachment":[{"href":"https:\/\/fouleesmuizonnaises.fr\/index.php\/wp-json\/wp\/v2\/media?parent=2"}],"curies":[{"name":"wp","href":"https:\/\/api.w.org\/{rel}","templated":true}]}}